{"id":8,"date":"2022-02-25T09:26:26","date_gmt":"2022-02-25T12:26:26","guid":{"rendered":"https:\/\/holofotecultural.com.br\/festivalteatro\/?page_id=8"},"modified":"2022-05-06T14:37:40","modified_gmt":"2022-05-06T17:37:40","slug":"o-novo-umoma-abre-suas-portas-2","status":"publish","type":"page","link":"https:\/\/holofotecultural.com.br\/festivalteatro\/","title":{"rendered":""},"content":{"rendered":"\t\t<div data-elementor-type=\"wp-page\" data-elementor-id=\"8\" class=\"elementor elementor-8\">\n\t\t\t\t\t\t<section class=\"elementor-section elementor-top-section elementor-element elementor-element-7540b253 elementor-section-boxed elementor-section-height-default elementor-section-height-default\" data-id=\"7540b253\" data-element_type=\"section\" data-e-type=\"section\">\n\t\t\t\t\t\t<div class=\"elementor-container elementor-column-gap-default\">\n\t\t\t\t\t<div class=\"elementor-column elementor-col-100 elementor-top-column elementor-element elementor-element-7f263984\" data-id=\"7f263984\" data-element_type=\"column\" data-e-type=\"column\">\n\t\t\t<div class=\"elementor-widget-wrap elementor-element-populated\">\n\t\t\t\t\t\t<div class=\"elementor-element elementor-element-1c778358 elementor-widget elementor-widget-text-editor\" data-id=\"1c778358\" data-element_type=\"widget\" data-e-type=\"widget\" data-widget_type=\"text-editor.default\">\n\t\t\t\t<div class=\"elementor-widget-container\">\n\t\t\t\t\t\t\t\t\t\n<div class=\"wp-block-group alignwide\"><div class=\"wp-block-group__inner-container is-layout-flow wp-block-group-is-layout-flow\">\n<p><img fetchpriority=\"high\" decoding=\"async\" class=\"alignnone wp-image-179 size-full\" src=\"https:\/\/holofotecultural.com.br\/festivalteatro\/wp-content\/uploads\/2022\/05\/banner_site_1.jpg\" alt=\"\" width=\"1200\" height=\"769\" srcset=\"https:\/\/holofotecultural.com.br\/festivalteatro\/wp-content\/uploads\/2022\/05\/banner_site_1.jpg 1200w, https:\/\/holofotecultural.com.br\/festivalteatro\/wp-content\/uploads\/2022\/05\/banner_site_1-300x192.jpg 300w, https:\/\/holofotecultural.com.br\/festivalteatro\/wp-content\/uploads\/2022\/05\/banner_site_1-1024x656.jpg 1024w, https:\/\/holofotecultural.com.br\/festivalteatro\/wp-content\/uploads\/2022\/05\/banner_site_1-768x492.jpg 768w, https:\/\/holofotecultural.com.br\/festivalteatro\/wp-content\/uploads\/2022\/05\/banner_site_1-600x385.jpg 600w\" sizes=\"(max-width: 1200px) 100vw, 1200px\" \/><img decoding=\"async\" class=\"alignnone wp-image-181 size-full\" src=\"https:\/\/holofotecultural.com.br\/festivalteatro\/wp-content\/uploads\/2022\/05\/banner_site_2.jpg\" alt=\"\" width=\"1200\" height=\"769\" srcset=\"https:\/\/holofotecultural.com.br\/festivalteatro\/wp-content\/uploads\/2022\/05\/banner_site_2.jpg 1200w, https:\/\/holofotecultural.com.br\/festivalteatro\/wp-content\/uploads\/2022\/05\/banner_site_2-300x192.jpg 300w, https:\/\/holofotecultural.com.br\/festivalteatro\/wp-content\/uploads\/2022\/05\/banner_site_2-1024x656.jpg 1024w, https:\/\/holofotecultural.com.br\/festivalteatro\/wp-content\/uploads\/2022\/05\/banner_site_2-768x492.jpg 768w, https:\/\/holofotecultural.com.br\/festivalteatro\/wp-content\/uploads\/2022\/05\/banner_site_2-600x385.jpg 600w\" sizes=\"(max-width: 1200px) 100vw, 1200px\" \/><br \/><img decoding=\"async\" class=\"alignnone wp-image-182 size-full\" src=\"https:\/\/holofotecultural.com.br\/festivalteatro\/wp-content\/uploads\/2022\/05\/banner_site_3.jpg\" alt=\"\" width=\"1200\" height=\"661\" srcset=\"https:\/\/holofotecultural.com.br\/festivalteatro\/wp-content\/uploads\/2022\/05\/banner_site_3.jpg 1200w, https:\/\/holofotecultural.com.br\/festivalteatro\/wp-content\/uploads\/2022\/05\/banner_site_3-300x165.jpg 300w, https:\/\/holofotecultural.com.br\/festivalteatro\/wp-content\/uploads\/2022\/05\/banner_site_3-1024x564.jpg 1024w, https:\/\/holofotecultural.com.br\/festivalteatro\/wp-content\/uploads\/2022\/05\/banner_site_3-768x423.jpg 768w, https:\/\/holofotecultural.com.br\/festivalteatro\/wp-content\/uploads\/2022\/05\/banner_site_3-600x331.jpg 600w\" sizes=\"(max-width: 1200px) 100vw, 1200px\" \/><img loading=\"lazy\" decoding=\"async\" class=\"alignnone wp-image-186 size-full\" src=\"https:\/\/holofotecultural.com.br\/festivalteatro\/wp-content\/uploads\/2022\/05\/banner_site_4.jpg\" alt=\"\" width=\"1200\" height=\"487\" srcset=\"https:\/\/holofotecultural.com.br\/festivalteatro\/wp-content\/uploads\/2022\/05\/banner_site_4.jpg 1200w, https:\/\/holofotecultural.com.br\/festivalteatro\/wp-content\/uploads\/2022\/05\/banner_site_4-300x122.jpg 300w, https:\/\/holofotecultural.com.br\/festivalteatro\/wp-content\/uploads\/2022\/05\/banner_site_4-1024x416.jpg 1024w, https:\/\/holofotecultural.com.br\/festivalteatro\/wp-content\/uploads\/2022\/05\/banner_site_4-768x312.jpg 768w, https:\/\/holofotecultural.com.br\/festivalteatro\/wp-content\/uploads\/2022\/05\/banner_site_4-600x244.jpg 600w\" sizes=\"(max-width: 1200px) 100vw, 1200px\" \/><img loading=\"lazy\" decoding=\"async\" class=\"alignnone wp-image-188 size-full\" src=\"https:\/\/holofotecultural.com.br\/festivalteatro\/wp-content\/uploads\/2022\/05\/banner_site_5.jpg\" alt=\"\" width=\"1200\" height=\"643\" srcset=\"https:\/\/holofotecultural.com.br\/festivalteatro\/wp-content\/uploads\/2022\/05\/banner_site_5.jpg 1200w, https:\/\/holofotecultural.com.br\/festivalteatro\/wp-content\/uploads\/2022\/05\/banner_site_5-300x161.jpg 300w, https:\/\/holofotecultural.com.br\/festivalteatro\/wp-content\/uploads\/2022\/05\/banner_site_5-1024x549.jpg 1024w, https:\/\/holofotecultural.com.br\/festivalteatro\/wp-content\/uploads\/2022\/05\/banner_site_5-768x412.jpg 768w, https:\/\/holofotecultural.com.br\/festivalteatro\/wp-content\/uploads\/2022\/05\/banner_site_5-600x322.jpg 600w\" sizes=\"(max-width: 1200px) 100vw, 1200px\" \/><img loading=\"lazy\" decoding=\"async\" class=\"alignnone wp-image-212 size-full\" src=\"https:\/\/holofotecultural.com.br\/festivalteatro\/wp-content\/uploads\/2022\/05\/banner_site_6-1.jpg\" alt=\"\" width=\"1200\" height=\"625\" srcset=\"https:\/\/holofotecultural.com.br\/festivalteatro\/wp-content\/uploads\/2022\/05\/banner_site_6-1.jpg 1200w, https:\/\/holofotecultural.com.br\/festivalteatro\/wp-content\/uploads\/2022\/05\/banner_site_6-1-300x156.jpg 300w, https:\/\/holofotecultural.com.br\/festivalteatro\/wp-content\/uploads\/2022\/05\/banner_site_6-1-1024x533.jpg 1024w, https:\/\/holofotecultural.com.br\/festivalteatro\/wp-content\/uploads\/2022\/05\/banner_site_6-1-768x400.jpg 768w, https:\/\/holofotecultural.com.br\/festivalteatro\/wp-content\/uploads\/2022\/05\/banner_site_6-1-600x313.jpg 600w\" sizes=\"(max-width: 1200px) 100vw, 1200px\" \/><\/p>\n<\/div>\n<figure class=\"wp-block-image alignfull size-full\"><img loading=\"lazy\" decoding=\"async\" class=\"alignnone size-full wp-image-94\" src=\"https:\/\/holofotecultural.com.br\/festivalteatro\/wp-content\/uploads\/2022\/03\/patrimonio-mundial-ane-souz-scaled.jpg\" alt=\"\" width=\"2560\" height=\"1244\" srcset=\"https:\/\/holofotecultural.com.br\/festivalteatro\/wp-content\/uploads\/2022\/03\/patrimonio-mundial-ane-souz-scaled.jpg 2560w, https:\/\/holofotecultural.com.br\/festivalteatro\/wp-content\/uploads\/2022\/03\/patrimonio-mundial-ane-souz-300x146.jpg 300w, https:\/\/holofotecultural.com.br\/festivalteatro\/wp-content\/uploads\/2022\/03\/patrimonio-mundial-ane-souz-1024x498.jpg 1024w, https:\/\/holofotecultural.com.br\/festivalteatro\/wp-content\/uploads\/2022\/03\/patrimonio-mundial-ane-souz-768x373.jpg 768w, https:\/\/holofotecultural.com.br\/festivalteatro\/wp-content\/uploads\/2022\/03\/patrimonio-mundial-ane-souz-1536x747.jpg 1536w, https:\/\/holofotecultural.com.br\/festivalteatro\/wp-content\/uploads\/2022\/03\/patrimonio-mundial-ane-souz-2048x996.jpg 2048w, https:\/\/holofotecultural.com.br\/festivalteatro\/wp-content\/uploads\/2022\/03\/patrimonio-mundial-ane-souz-600x292.jpg 600w\" sizes=\"(max-width: 2560px) 100vw, 2560px\" \/><\/figure>\n\n<div class=\"wp-block-group alignwide\"><div class=\"wp-block-group__inner-container is-layout-flow wp-block-group-is-layout-flow\">\n<h2 class=\"has-text-align-center has-accent-color has-text-color wp-block-heading\">Ouro Preto &#8211; Patrim\u00f4nio Mundial<\/h2>\n<\/div><\/div>\n\n<p>Primeiro bem cultural brasileiro inscrito na Lista do Patrim\u00f4nio Mundial da Unesco, a antiga Vila Rica foi reconhecida por sua excepcionalidade e originalidade. Nascente da riqueza das jazidas das Minas Gerais, a cidade foi capital da prov\u00edncia e recebeu de Dom Pedro I o t\u00edtulo de Cidade Imperial. Ber\u00e7o de grandes artistas respons\u00e1veis pelas mais significativas obras do barroco brasileiro, que hoje comp\u00f5e essencialmente sua arquitetura caracter\u00edstica, foi tamb\u00e9m o cen\u00e1rio do movimento pela independ\u00eancia do Brasil, a Inconfid\u00eancia Mineira.<\/p>\n<p>O turismo cultural encontra recanto nas \u00edngremes ruas ouro-pretanas. Seja pela riqueza na historicidade nacional revelada por suas edifica\u00e7\u00f5es oficiais ou em objetos dentro de museus, seja pela mineiridade latente de espa\u00e7os tradicionais ou pela arte barroca de suas edifica\u00e7\u00f5es em cada detalhe, in\u00fameras pessoas visitam a cidade mineira, fazendo dela um dos polos tur\u00edsticos do estado.<\/p>\n<div>\n<div class=\"wp-block-button aligncenter\">\u00a0<\/div>\n<\/div>\n\n<figure class=\"wp-block-gallery alignwide has-nested-images columns-default is-cropped wp-block-gallery-2 is-layout-flex wp-block-gallery-is-layout-flex\">\n<figure class=\"wp-block-image size-large\"><img loading=\"lazy\" decoding=\"async\" data-id=\"39\" class=\"alignnone size-full wp-image-98\" src=\"https:\/\/holofotecultural.com.br\/festivalteatro\/wp-content\/uploads\/2022\/03\/Design-sem-nome-73.jpg\" alt=\"\" width=\"1160\" height=\"1160\" srcset=\"https:\/\/holofotecultural.com.br\/festivalteatro\/wp-content\/uploads\/2022\/03\/Design-sem-nome-73.jpg 1160w, https:\/\/holofotecultural.com.br\/festivalteatro\/wp-content\/uploads\/2022\/03\/Design-sem-nome-73-300x300.jpg 300w, https:\/\/holofotecultural.com.br\/festivalteatro\/wp-content\/uploads\/2022\/03\/Design-sem-nome-73-1024x1024.jpg 1024w, https:\/\/holofotecultural.com.br\/festivalteatro\/wp-content\/uploads\/2022\/03\/Design-sem-nome-73-150x150.jpg 150w, https:\/\/holofotecultural.com.br\/festivalteatro\/wp-content\/uploads\/2022\/03\/Design-sem-nome-73-768x768.jpg 768w, https:\/\/holofotecultural.com.br\/festivalteatro\/wp-content\/uploads\/2022\/03\/Design-sem-nome-73-600x600.jpg 600w, https:\/\/holofotecultural.com.br\/festivalteatro\/wp-content\/uploads\/2022\/03\/Design-sem-nome-73-100x100.jpg 100w\" sizes=\"(max-width: 1160px) 100vw, 1160px\" \/><\/figure>\n\n<figure class=\"wp-block-image size-large\"><img loading=\"lazy\" decoding=\"async\" data-id=\"38\" class=\"alignnone size-full wp-image-99\" src=\"https:\/\/holofotecultural.com.br\/festivalteatro\/wp-content\/uploads\/2022\/03\/Design-sem-nome-72.jpg\" alt=\"\" width=\"1160\" height=\"1160\" srcset=\"https:\/\/holofotecultural.com.br\/festivalteatro\/wp-content\/uploads\/2022\/03\/Design-sem-nome-72.jpg 1160w, https:\/\/holofotecultural.com.br\/festivalteatro\/wp-content\/uploads\/2022\/03\/Design-sem-nome-72-300x300.jpg 300w, https:\/\/holofotecultural.com.br\/festivalteatro\/wp-content\/uploads\/2022\/03\/Design-sem-nome-72-1024x1024.jpg 1024w, https:\/\/holofotecultural.com.br\/festivalteatro\/wp-content\/uploads\/2022\/03\/Design-sem-nome-72-150x150.jpg 150w, https:\/\/holofotecultural.com.br\/festivalteatro\/wp-content\/uploads\/2022\/03\/Design-sem-nome-72-768x768.jpg 768w, https:\/\/holofotecultural.com.br\/festivalteatro\/wp-content\/uploads\/2022\/03\/Design-sem-nome-72-600x600.jpg 600w, https:\/\/holofotecultural.com.br\/festivalteatro\/wp-content\/uploads\/2022\/03\/Design-sem-nome-72-100x100.jpg 100w\" sizes=\"(max-width: 1160px) 100vw, 1160px\" \/><\/figure>\n<\/figure>\n\t\t\t\t\t\t\t\t<\/div>\n\t\t\t\t<\/div>\n\t\t\t\t\t<\/div>\n\t\t<\/div>\n\t\t\t\t\t<\/div><\/div>\n\t\t<\/section>\n\t\t\t\t<\/div>\n\t\t","protected":false},"excerpt":{"rendered":"<p>Ouro Preto &#8211; Patrim\u00f4nio Mundial Primeiro bem cultural brasileiro inscrito na Lista do Patrim\u00f4nio Mundial da Unesco, a antiga Vila Rica foi reconhecida por sua excepcionalidade e originalidade. Nascente da riqueza das jazidas das Minas Gerais, a cidade foi capital da prov\u00edncia e recebeu de Dom Pedro I o t\u00edtulo de Cidade Imperial. Ber\u00e7o de &#8230; <a title=\"\" class=\"read-more\" href=\"https:\/\/holofotecultural.com.br\/festivalteatro\/\">Read more<span class=\"screen-reader-text\"><\/span><\/a><\/p>\n","protected":false},"author":1,"featured_media":0,"parent":0,"menu_order":0,"comment_status":"closed","ping_status":"closed","template":"","meta":{"footnotes":""},"class_list":["post-8","page","type-page","status-publish"],"_links":{"self":[{"href":"https:\/\/holofotecultural.com.br\/festivalteatro\/wp-json\/wp\/v2\/pages\/8","targetHints":{"allow":["GET"]}}],"collection":[{"href":"https:\/\/holofotecultural.com.br\/festivalteatro\/wp-json\/wp\/v2\/pages"}],"about":[{"href":"https:\/\/holofotecultural.com.br\/festivalteatro\/wp-json\/wp\/v2\/types\/page"}],"author":[{"embeddable":true,"href":"https:\/\/holofotecultural.com.br\/festivalteatro\/wp-json\/wp\/v2\/users\/1"}],"replies":[{"embeddable":true,"href":"https:\/\/holofotecultural.com.br\/festivalteatro\/wp-json\/wp\/v2\/comments?post=8"}],"version-history":[{"count":86,"href":"https:\/\/holofotecultural.com.br\/festivalteatro\/wp-json\/wp\/v2\/pages\/8\/revisions"}],"predecessor-version":[{"id":218,"href":"https:\/\/holofotecultural.com.br\/festivalteatro\/wp-json\/wp\/v2\/pages\/8\/revisions\/218"}],"wp:attachment":[{"href":"https:\/\/holofotecultural.com.br\/festivalteatro\/wp-json\/wp\/v2\/media?parent=8"}],"curies":[{"name":"wp","href":"https:\/\/api.w.org\/{rel}","templated":true}]}}